{"id":982,"date":"2024-09-27T05:31:13","date_gmt":"2024-09-27T03:31:13","guid":{"rendered":"https:\/\/serviciosmaritimoscolombia.com\/?page_id=982"},"modified":"2025-10-21T18:49:58","modified_gmt":"2025-10-21T16:49:58","slug":"noticias","status":"publish","type":"page","link":"https:\/\/www.tecnimar.com.co\/en\/noticias\/","title":{"rendered":"NEWS"},"content":{"rendered":"<div data-elementor-type=\"wp-page\" data-elementor-id=\"982\" class=\"elementor elementor-982\" data-elementor-post-type=\"page\">\n\t\t\t\t\t\t<section class=\"elementor-section elementor-top-section elementor-element elementor-element-197b527b elementor-section-boxed elementor-section-height-default elementor-section-height-default\" data-id=\"197b527b\" data-element_type=\"section\" data-settings=\"{&quot;background_background&quot;:&quot;classic&quot;}\">\n\t\t\t\t\t\t<div class=\"elementor-container elementor-column-gap-default\">\n\t\t\t\t\t<div class=\"elementor-column elementor-col-100 elementor-top-column elementor-element elementor-element-754c4714\" data-id=\"754c4714\" data-element_type=\"column\">\n\t\t\t<div class=\"elementor-widget-wrap elementor-element-populated\">\n\t\t\t\t\t\t<div class=\"elementor-element elementor-element-6f365d3d elementor-icon-list--layout-inline elementor-list-item-link-full_width elementor-widget elementor-widget-icon-list\" data-id=\"6f365d3d\" data-element_type=\"widget\" data-widget_type=\"icon-list.default\">\n\t\t\t\t<div class=\"elementor-widget-container\">\n\t\t\t\t\t\t\t<ul class=\"elementor-icon-list-items elementor-inline-items\">\n\t\t\t\t\t\t\t<li class=\"elementor-icon-list-item elementor-inline-item\">\n\t\t\t\t\t\t\t\t\t\t\t<a href=\"https:\/\/www.tecnimar.com.co\/en\">\n\n\t\t\t\t\t\t\t\t\t\t\t<span class=\"elementor-icon-list-text\">Home<\/span>\n\t\t\t\t\t\t\t\t\t\t\t<\/a>\n\t\t\t\t\t\t\t\t\t<\/li>\n\t\t\t\t\t\t\t\t<li class=\"elementor-icon-list-item elementor-inline-item\">\n\t\t\t\t\t\t\t\t\t\t\t<span class=\"elementor-icon-list-icon\">\n\t\t\t\t\t\t\t<i aria-hidden=\"true\" class=\"mdi mdi-slash-forward\"><\/i>\t\t\t\t\t\t<\/span>\n\t\t\t\t\t\t\t\t\t\t<span class=\"elementor-icon-list-text\">Blog<\/span>\n\t\t\t\t\t\t\t\t\t<\/li>\n\t\t\t\t\t\t<\/ul>\n\t\t\t\t\t\t<\/div>\n\t\t\t\t<\/div>\n\t\t\t\t\t<\/div>\n\t\t<\/div>\n\t\t\t\t\t<\/div>\n\t\t<\/section>\n\t\t\t\t<section class=\"elementor-section elementor-top-section elementor-element elementor-element-68bf1f36 elementor-section-boxed elementor-section-height-default elementor-section-height-default\" data-id=\"68bf1f36\" data-element_type=\"section\" data-settings=\"{&quot;background_background&quot;:&quot;classic&quot;}\">\n\t\t\t\t\t\t<div class=\"elementor-container elementor-column-gap-no\">\n\t\t\t\t\t<div class=\"elementor-column elementor-col-100 elementor-top-column elementor-element elementor-element-2f74d88\" data-id=\"2f74d88\" data-element_type=\"column\" data-settings=\"{&quot;background_background&quot;:&quot;classic&quot;}\">\n\t\t\t<div class=\"elementor-widget-wrap elementor-element-populated\">\n\t\t\t\t\t\t<section class=\"elementor-section elementor-inner-section elementor-element elementor-element-1bfe7e4d elementor-section-boxed elementor-section-height-default elementor-section-height-default elementor-invisible\" data-id=\"1bfe7e4d\" data-element_type=\"section\" data-settings=\"{&quot;animation&quot;:&quot;fadeInUp&quot;}\">\n\t\t\t\t\t\t<div class=\"elementor-container elementor-column-gap-no\">\n\t\t\t\t\t<div class=\"elementor-column elementor-col-50 elementor-inner-column elementor-element elementor-element-5c79ca58\" data-id=\"5c79ca58\" data-element_type=\"column\">\n\t\t\t<div class=\"elementor-widget-wrap elementor-element-populated\">\n\t\t\t\t\t\t<div class=\"elementor-element elementor-element-773ffe87 elementor-widget elementor-widget-heading\" data-id=\"773ffe87\" data-element_type=\"widget\" data-widget_type=\"heading.default\">\n\t\t\t\t<div class=\"elementor-widget-container\">\n\t\t\t\t\t<h2 class=\"elementor-heading-title elementor-size-default\">News<\/h2>\t\t\t\t<\/div>\n\t\t\t\t<\/div>\n\t\t\t\t\t<\/div>\n\t\t<\/div>\n\t\t\t\t<div class=\"elementor-column elementor-col-50 elementor-inner-column elementor-element elementor-element-503971d7\" data-id=\"503971d7\" data-element_type=\"column\">\n\t\t\t<div class=\"elementor-widget-wrap elementor-element-populated\">\n\t\t\t\t\t\t\t<\/div>\n\t\t<\/div>\n\t\t\t\t\t<\/div>\n\t\t<\/section>\n\t\t\t\t<div class=\"elementor-element elementor-element-3b17c5ce elementor-widget-divider--view-line elementor-widget elementor-widget-divider\" data-id=\"3b17c5ce\" data-element_type=\"widget\" data-widget_type=\"divider.default\">\n\t\t\t\t<div class=\"elementor-widget-container\">\n\t\t\t\t\t\t\t<div class=\"elementor-divider\">\n\t\t\t<span class=\"elementor-divider-separator\">\n\t\t\t\t\t\t<\/span>\n\t\t<\/div>\n\t\t\t\t\t\t<\/div>\n\t\t\t\t<\/div>\n\t\t\t\t<section class=\"elementor-section elementor-inner-section elementor-element elementor-element-f55c5fb elementor-section-boxed elementor-section-height-default elementor-section-height-default\" data-id=\"f55c5fb\" data-element_type=\"section\">\n\t\t\t\t\t\t<div class=\"elementor-container elementor-column-gap-default\">\n\t\t\t\t\t<div class=\"elementor-column elementor-col-33 elementor-inner-column elementor-element elementor-element-5eaac70\" data-id=\"5eaac70\" data-element_type=\"column\">\n\t\t\t<div class=\"elementor-widget-wrap elementor-element-populated\">\n\t\t\t\t\t\t<div class=\"elementor-element elementor-element-8c38584 elementor-widget__width-auto elementor-absolute elementor-widget elementor-widget-heading\" data-id=\"8c38584\" data-element_type=\"widget\" data-settings=\"{&quot;_position&quot;:&quot;absolute&quot;}\" data-widget_type=\"heading.default\">\n\t\t\t\t<div class=\"elementor-widget-container\">\n\t\t\t\t\t<h2 class=\"elementor-heading-title elementor-size-default\">News<\/h2>\t\t\t\t<\/div>\n\t\t\t\t<\/div>\n\t\t\t\t<div class=\"elementor-element elementor-element-5ff1951 ekit-equal-height-disable elementor-widget elementor-widget-elementskit-image-box\" data-id=\"5ff1951\" data-element_type=\"widget\" data-widget_type=\"elementskit-image-box.default\">\n\t\t\t\t<div class=\"elementor-widget-container\">\n\t\t\t\t\t<div class=\"ekit-wid-con\" >\n            <div class=\"elementskit-info-image-box ekit-image-box text-left style-sideline\" >\n\n                <a href=\"https:\/\/www.tecnimar.com.co\/en\/historia-de-tecnimar-liderazgo-en-servicios-maritimos-en-colombia\/\">\n                <div class=\"elementskit-box-header image-box-img-left\">\n\n                    <img fetchpriority=\"high\" decoding=\"async\" width=\"1080\" height=\"724\" src=\"https:\/\/www.tecnimar.com.co\/wp-content\/uploads\/2025\/10\/tecnimar-blog-reciclaje.png\" class=\"attachment-full size-full wp-image-2510\" alt=\"\" srcset=\"https:\/\/www.tecnimar.com.co\/wp-content\/uploads\/2025\/10\/tecnimar-blog-reciclaje.png 1080w, https:\/\/www.tecnimar.com.co\/wp-content\/uploads\/2025\/10\/tecnimar-blog-reciclaje-300x201.png 300w, https:\/\/www.tecnimar.com.co\/wp-content\/uploads\/2025\/10\/tecnimar-blog-reciclaje-1024x686.png 1024w, https:\/\/www.tecnimar.com.co\/wp-content\/uploads\/2025\/10\/tecnimar-blog-reciclaje-768x515.png 768w, https:\/\/www.tecnimar.com.co\/wp-content\/uploads\/2025\/10\/tecnimar-blog-reciclaje-18x12.png 18w\" sizes=\"(max-width: 1080px) 100vw, 1080px\" \/>\n                <\/div>\n                <\/a>\n                <div class=\"elementskit-box-body ekit-image-box-body\">\n                    <div class=\"elementskit-box-content ekit-image-box-body-inner\">\n                                                <h3 class=\"elementskit-info-box-title\">\n\n                        Navegando hacia un futuro sostenible: pr\u00e1cticas ecoeficientes en Tecnimar\n                        \n                    <\/h3>\n                                                            <div class=\"elementskit-box-style-content\">\n                        En Tecnimar trabajamos cada d\u00eda por un futuro m\u00e1s limpio en el mar. Implementamos pr\u00e1cticas ecoeficientes que reducen emisiones, optimizan recursos y protegen la biodiversidad en puertos como Cartagena y Cove\u00f1as.\nNuestro compromiso con el medio ambiente es tan fuerte como nuestra pasi\u00f3n por el mar.                    <\/div>\n                                    <\/div>\n\n                                <div class=\"elementskit-box-footer\">\n                    <div class=\"box-footer\">\n                        <div class=\"btn-wraper\">\n                                                            <a href=\"https:\/\/www.tecnimar.com.co\/en\/navegando-hacia-un-futuro-sostenible-practicas-ecoeficientes-en-tecnimar\/\" class=\"elementskit-btn whitespace--normal\">\n                                    See more\n                                    <i aria-hidden=\"true\" class=\"mdi mdi-arrow-bottom-right-thick\"><\/i>\n                                <\/a>\n                                                        <\/div>\n                    <\/div>\n                <\/div>\n                            <\/div>\n            <\/div>\n    <\/div>\t\t\t\t<\/div>\n\t\t\t\t<\/div>\n\t\t\t\t\t<\/div>\n\t\t<\/div>\n\t\t\t\t<div class=\"elementor-column elementor-col-33 elementor-inner-column elementor-element elementor-element-0ffa89b\" data-id=\"0ffa89b\" data-element_type=\"column\">\n\t\t\t<div class=\"elementor-widget-wrap elementor-element-populated\">\n\t\t\t\t\t\t<div class=\"elementor-element elementor-element-138c028 elementor-widget__width-auto elementor-absolute elementor-widget elementor-widget-heading\" data-id=\"138c028\" data-element_type=\"widget\" data-settings=\"{&quot;_position&quot;:&quot;absolute&quot;}\" data-widget_type=\"heading.default\">\n\t\t\t\t<div class=\"elementor-widget-container\">\n\t\t\t\t\t<h2 class=\"elementor-heading-title elementor-size-default\">News<\/h2>\t\t\t\t<\/div>\n\t\t\t\t<\/div>\n\t\t\t\t<div class=\"elementor-element elementor-element-33b89e5 ekit-equal-height-disable elementor-widget elementor-widget-elementskit-image-box\" data-id=\"33b89e5\" data-element_type=\"widget\" data-widget_type=\"elementskit-image-box.default\">\n\t\t\t\t<div class=\"elementor-widget-container\">\n\t\t\t\t\t<div class=\"ekit-wid-con\" >\n            <div class=\"elementskit-info-image-box ekit-image-box text-left style-sideline\" >\n\n                <a href=\"https:\/\/www.tecnimar.com.co\/en\/aliados-de-tecnimar-trabajando-en-equipo-para-liderar-el-sector-maritimo\/\" target=\"_blank\">\n                <div class=\"elementskit-box-header image-box-img-left\">\n\n                    <img decoding=\"async\" width=\"1080\" height=\"724\" src=\"https:\/\/www.tecnimar.com.co\/wp-content\/uploads\/2024\/12\/Diseno-sin-titulo-70.png\" class=\"attachment-full size-full wp-image-2097\" alt=\"\" srcset=\"https:\/\/www.tecnimar.com.co\/wp-content\/uploads\/2024\/12\/Diseno-sin-titulo-70.png 1080w, https:\/\/www.tecnimar.com.co\/wp-content\/uploads\/2024\/12\/Diseno-sin-titulo-70-300x201.png 300w, https:\/\/www.tecnimar.com.co\/wp-content\/uploads\/2024\/12\/Diseno-sin-titulo-70-1024x686.png 1024w, https:\/\/www.tecnimar.com.co\/wp-content\/uploads\/2024\/12\/Diseno-sin-titulo-70-768x515.png 768w\" sizes=\"(max-width: 1080px) 100vw, 1080px\" \/>\n                <\/div>\n                <\/a>\n                <div class=\"elementskit-box-body ekit-image-box-body\">\n                    <div class=\"elementskit-box-content ekit-image-box-body-inner\">\n                                                <h3 class=\"elementskit-info-box-title\">\n\n                        Tecnimar Allies: Working as a Team to Lead the Maritime Sector\n                        \n                    <\/h3>\n                                                            <div class=\"elementskit-box-style-content\">\n                        At Tecnimar, we have two key allies: Tecnilan, expert in maritime transportation and mooring services, and Sermares, leader in practical pilotage in Cove\u00f1as. Together we offer a comprehensive portfolio of maritime services, guaranteeing safe, efficient and customized operations for our clients.\n                    <\/div>\n                                    <\/div>\n\n                                <div class=\"elementskit-box-footer\">\n                    <div class=\"box-footer\">\n                        <div class=\"btn-wraper\">\n                                                            <a href=\"https:\/\/www.tecnimar.com.co\/en\/aliados-de-tecnimar-trabajando-en-equipo-para-liderar-el-sector-maritimo\/\" target=\"_blank\" class=\"elementskit-btn whitespace--normal\">\n                                    See more\n                                    <i aria-hidden=\"true\" class=\"mdi mdi-arrow-bottom-right-thick\"><\/i>\n                                <\/a>\n                                                        <\/div>\n                    <\/div>\n                <\/div>\n                            <\/div>\n            <\/div>\n    <\/div>\t\t\t\t<\/div>\n\t\t\t\t<\/div>\n\t\t\t\t\t<\/div>\n\t\t<\/div>\n\t\t\t\t<div class=\"elementor-column elementor-col-33 elementor-inner-column elementor-element elementor-element-dbdcc1f\" data-id=\"dbdcc1f\" data-element_type=\"column\">\n\t\t\t<div class=\"elementor-widget-wrap elementor-element-populated\">\n\t\t\t\t\t\t<div class=\"elementor-element elementor-element-87d8ced elementor-widget__width-auto elementor-absolute elementor-widget elementor-widget-heading\" data-id=\"87d8ced\" data-element_type=\"widget\" data-settings=\"{&quot;_position&quot;:&quot;absolute&quot;}\" data-widget_type=\"heading.default\">\n\t\t\t\t<div class=\"elementor-widget-container\">\n\t\t\t\t\t<h2 class=\"elementor-heading-title elementor-size-default\">News<\/h2>\t\t\t\t<\/div>\n\t\t\t\t<\/div>\n\t\t\t\t<div class=\"elementor-element elementor-element-78b6124 ekit-equal-height-disable elementor-widget elementor-widget-elementskit-image-box\" data-id=\"78b6124\" data-element_type=\"widget\" data-widget_type=\"elementskit-image-box.default\">\n\t\t\t\t<div class=\"elementor-widget-container\">\n\t\t\t\t\t<div class=\"ekit-wid-con\" >\n            <div class=\"elementskit-info-image-box ekit-image-box text-left style-sideline\" >\n\n                <a href=\"https:\/\/www.tecnimar.com.co\/en\/sabias-que-tecnilan-hace-parte-de-tecnimar-descubre-sus-servicios-especializados-2\/\" target=\"_blank\">\n                <div class=\"elementskit-box-header image-box-img-left\">\n\n                    <img decoding=\"async\" width=\"1080\" height=\"724\" src=\"https:\/\/www.tecnimar.com.co\/wp-content\/uploads\/2024\/12\/TECNIMAR-TECNILAN.png\" class=\"attachment-full size-full wp-image-2118\" alt=\"\" srcset=\"https:\/\/www.tecnimar.com.co\/wp-content\/uploads\/2024\/12\/TECNIMAR-TECNILAN.png 1080w, https:\/\/www.tecnimar.com.co\/wp-content\/uploads\/2024\/12\/TECNIMAR-TECNILAN-300x201.png 300w, https:\/\/www.tecnimar.com.co\/wp-content\/uploads\/2024\/12\/TECNIMAR-TECNILAN-1024x686.png 1024w, https:\/\/www.tecnimar.com.co\/wp-content\/uploads\/2024\/12\/TECNIMAR-TECNILAN-768x515.png 768w\" sizes=\"(max-width: 1080px) 100vw, 1080px\" \/>\n                <\/div>\n                <\/a>\n                <div class=\"elementskit-box-body ekit-image-box-body\">\n                    <div class=\"elementskit-box-content ekit-image-box-body-inner\">\n                                                <h3 class=\"elementskit-info-box-title\">\n\n                        Did you know that Tecnilan is part of Tecnimar? Discover its Specialized Services\n                        \n                    <\/h3>\n                                                            <div class=\"elementskit-box-style-content\">\n                        At Tecnimar, we understand that success in the maritime sector depends not only on experience, but also on having strategic allies that complement our service offer.                    <\/div>\n                                    <\/div>\n\n                                <div class=\"elementskit-box-footer\">\n                    <div class=\"box-footer\">\n                        <div class=\"btn-wraper\">\n                                                            <a href=\"https:\/\/www.tecnimar.com.co\/en\/sabias-que-tecnilan-hace-parte-de-tecnimar-descubre-sus-servicios-especializados-2\/\" class=\"elementskit-btn whitespace--normal\">\n                                    See more\n                                    <i aria-hidden=\"true\" class=\"mdi mdi-arrow-bottom-right-thick\"><\/i>\n                                <\/a>\n                                                        <\/div>\n                    <\/div>\n                <\/div>\n                            <\/div>\n            <\/div>\n    <\/div>\t\t\t\t<\/div>\n\t\t\t\t<\/div>\n\t\t\t\t\t<\/div>\n\t\t<\/div>\n\t\t\t\t\t<\/div>\n\t\t<\/section>\n\t\t\t\t\t<\/div>\n\t\t<\/div>\n\t\t\t\t\t<\/div>\n\t\t<\/section>\n\t\t\t\t<\/div>","protected":false},"excerpt":{"rendered":"<p>Inicio Blog Noticias Novedades Navegando hacia un futuro sostenible: pr\u00e1cticas ecoeficientes en Tecnimar En Tecnimar trabajamos cada d\u00eda por un futuro m\u00e1s limpio en el mar. Implementamos pr\u00e1cticas ecoeficientes que reducen emisiones, optimizan recursos y protegen la biodiversidad en puertos como Cartagena y Cove\u00f1as. Nuestro compromiso con el medio ambiente es tan fuerte como nuestra [&hellip;]<\/p>","protected":false},"author":1,"featured_media":0,"parent":0,"menu_order":0,"comment_status":"closed","ping_status":"closed","template":"","meta":{"footnotes":""},"class_list":["post-982","page","type-page","status-publish","hentry"],"_links":{"self":[{"href":"https:\/\/www.tecnimar.com.co\/en\/wp-json\/wp\/v2\/pages\/982","targetHints":{"allow":["GET"]}}],"collection":[{"href":"https:\/\/www.tecnimar.com.co\/en\/wp-json\/wp\/v2\/pages"}],"about":[{"href":"https:\/\/www.tecnimar.com.co\/en\/wp-json\/wp\/v2\/types\/page"}],"author":[{"embeddable":true,"href":"https:\/\/www.tecnimar.com.co\/en\/wp-json\/wp\/v2\/users\/1"}],"replies":[{"embeddable":true,"href":"https:\/\/www.tecnimar.com.co\/en\/wp-json\/wp\/v2\/comments?post=982"}],"version-history":[{"count":56,"href":"https:\/\/www.tecnimar.com.co\/en\/wp-json\/wp\/v2\/pages\/982\/revisions"}],"predecessor-version":[{"id":2513,"href":"https:\/\/www.tecnimar.com.co\/en\/wp-json\/wp\/v2\/pages\/982\/revisions\/2513"}],"wp:attachment":[{"href":"https:\/\/www.tecnimar.com.co\/en\/wp-json\/wp\/v2\/media?parent=982"}],"curies":[{"name":"wp","href":"https:\/\/api.w.org\/{rel}","templated":true}]}}