{"id":1367,"date":"2024-10-11T02:59:45","date_gmt":"2024-10-11T00:59:45","guid":{"rendered":"https:\/\/serviciosmaritimoscolombia.com\/?page_id=1367"},"modified":"2025-05-20T23:50:36","modified_gmt":"2025-05-20T21:50:36","slug":"donde-estamos","status":"publish","type":"page","link":"https:\/\/www.tecnimar.com.co\/en\/donde-estamos\/","title":{"rendered":"WHERE WE ARE"},"content":{"rendered":"<div data-elementor-type=\"wp-page\" data-elementor-id=\"1367\" class=\"elementor elementor-1367\" data-elementor-post-type=\"page\">\n\t\t\t\t\t\t<section class=\"elementor-section elementor-top-section elementor-element elementor-element-7e80f7d elementor-section-boxed elementor-section-height-default elementor-section-height-default\" data-id=\"7e80f7d\" data-element_type=\"section\" data-settings=\"{&quot;background_background&quot;:&quot;classic&quot;}\">\n\t\t\t\t\t\t\t<div class=\"elementor-background-overlay\"><\/div>\n\t\t\t\t\t\t\t<div class=\"elementor-container elementor-column-gap-default\">\n\t\t\t\t\t<div class=\"elementor-column elementor-col-100 elementor-top-column elementor-element elementor-element-35425fec\" data-id=\"35425fec\" data-element_type=\"column\">\n\t\t\t<div class=\"elementor-widget-wrap elementor-element-populated\">\n\t\t\t\t\t\t<div class=\"elementor-element elementor-element-f8b3670 elementor-icon-list--layout-inline elementor-align-center elementor-list-item-link-full_width elementor-invisible elementor-widget elementor-widget-icon-list\" data-id=\"f8b3670\" data-element_type=\"widget\" data-settings=\"{&quot;_animation&quot;:&quot;fadeInDown&quot;}\" data-widget_type=\"icon-list.default\">\n\t\t\t\t<div class=\"elementor-widget-container\">\n\t\t\t\t\t\t\t<ul class=\"elementor-icon-list-items elementor-inline-items\">\n\t\t\t\t\t\t\t<li class=\"elementor-icon-list-item elementor-inline-item\">\n\t\t\t\t\t\t\t\t\t\t\t<a href=\"https:\/\/www.tecnimar.com.co\/en\">\n\n\t\t\t\t\t\t\t\t\t\t\t<span class=\"elementor-icon-list-text\">Home<\/span>\n\t\t\t\t\t\t\t\t\t\t\t<\/a>\n\t\t\t\t\t\t\t\t\t<\/li>\n\t\t\t\t\t\t\t\t<li class=\"elementor-icon-list-item elementor-inline-item\">\n\t\t\t\t\t\t\t\t\t\t\t<span class=\"elementor-icon-list-icon\">\n\t\t\t\t\t\t\t<i aria-hidden=\"true\" class=\"arrow_carrot-right\"><\/i>\t\t\t\t\t\t<\/span>\n\t\t\t\t\t\t\t\t\t\t<span class=\"elementor-icon-list-text\">Where we are<\/span>\n\t\t\t\t\t\t\t\t\t<\/li>\n\t\t\t\t\t\t<\/ul>\n\t\t\t\t\t\t<\/div>\n\t\t\t\t<\/div>\n\t\t\t\t<div class=\"elementor-element elementor-element-cd7843f elementor-invisible elementor-widget elementor-widget-heading\" data-id=\"cd7843f\" data-element_type=\"widget\" data-settings=\"{&quot;_animation&quot;:&quot;fadeInUp&quot;}\" data-widget_type=\"heading.default\">\n\t\t\t\t<div class=\"elementor-widget-container\">\n\t\t\t\t\t<h2 class=\"elementor-heading-title elementor-size-default\">Locations<\/h2>\t\t\t\t<\/div>\n\t\t\t\t<\/div>\n\t\t\t\t\t<\/div>\n\t\t<\/div>\n\t\t\t\t\t<\/div>\n\t\t<\/section>\n\t\t\t\t<section class=\"elementor-section elementor-top-section elementor-element elementor-element-609bf510 elementor-section-boxed elementor-section-height-default elementor-section-height-default\" data-id=\"609bf510\" data-element_type=\"section\" data-settings=\"{&quot;background_background&quot;:&quot;classic&quot;}\">\n\t\t\t\t\t\t\t<div class=\"elementor-background-overlay\"><\/div>\n\t\t\t\t\t\t\t<div class=\"elementor-container elementor-column-gap-default\">\n\t\t\t\t\t<div class=\"elementor-column elementor-col-100 elementor-top-column elementor-element elementor-element-61fcce72\" data-id=\"61fcce72\" data-element_type=\"column\">\n\t\t\t<div class=\"elementor-widget-wrap elementor-element-populated\">\n\t\t\t\t\t\t<section class=\"elementor-section elementor-inner-section elementor-element elementor-element-4d69946a elementor-section-boxed elementor-section-height-default elementor-section-height-default\" data-id=\"4d69946a\" data-element_type=\"section\">\n\t\t\t\t\t\t<div class=\"elementor-container elementor-column-gap-default\">\n\t\t\t\t\t<div class=\"elementor-column elementor-col-100 elementor-inner-column elementor-element elementor-element-23631259\" data-id=\"23631259\" data-element_type=\"column\">\n\t\t\t<div class=\"elementor-widget-wrap elementor-element-populated\">\n\t\t\t\t\t\t<div class=\"elementor-element elementor-element-eea44b6 elementor-widget elementor-widget-heading\" data-id=\"eea44b6\" data-element_type=\"widget\" data-widget_type=\"heading.default\">\n\t\t\t\t<div class=\"elementor-widget-container\">\n\t\t\t\t\t<h2 class=\"elementor-heading-title elementor-size-default\">Our Locations in Colombia<\/h2>\t\t\t\t<\/div>\n\t\t\t\t<\/div>\n\t\t\t\t<div class=\"elementor-element elementor-element-ca2bdc7 elementor-widget elementor-widget-text-editor\" data-id=\"ca2bdc7\" data-element_type=\"widget\" data-widget_type=\"text-editor.default\">\n\t\t\t\t<div class=\"elementor-widget-container\">\n\t\t\t\t\t\t\t\t\t<p>At \u202f <strong>Tecnimar \u202f<\/strong>\u00a0,\u202fwe are committed to being close to you, offering comprehensive solutions and specialized services in the maritime industry. With our strategic presence in Colombia, we provide local support with international standards.<\/p>\t\t\t\t\t\t\t\t<\/div>\n\t\t\t\t<\/div>\n\t\t\t\t<div class=\"elementor-element elementor-element-1bcd778a elementor-widget-divider--view-line elementor-widget elementor-widget-divider\" data-id=\"1bcd778a\" data-element_type=\"widget\" data-widget_type=\"divider.default\">\n\t\t\t\t<div class=\"elementor-widget-container\">\n\t\t\t\t\t\t\t<div class=\"elementor-divider\">\n\t\t\t<span class=\"elementor-divider-separator\">\n\t\t\t\t\t\t<\/span>\n\t\t<\/div>\n\t\t\t\t\t\t<\/div>\n\t\t\t\t<\/div>\n\t\t\t\t\t<\/div>\n\t\t<\/div>\n\t\t\t\t\t<\/div>\n\t\t<\/section>\n\t\t\t\t<div class=\"elementor-element elementor-element-3a6e3aa elementor-widget elementor-widget-hotspot\" data-id=\"3a6e3aa\" data-element_type=\"widget\" data-settings=\"{&quot;hotspot&quot;:[{&quot;hotspot_label&quot;:&quot;Cartagena&quot;,&quot;hotspot_icon&quot;:{&quot;value&quot;:{&quot;url&quot;:&quot;https:\\\/\\\/serviciosmaritimoscolombia.com\\\/wp-content\\\/uploads\\\/2025\\\/05\\\/tecnimar-seamares.svg&quot;,&quot;id&quot;:2391},&quot;library&quot;:&quot;svg&quot;},&quot;hotspot_tooltip_content&quot;:&quot;&lt;p&gt;Es el puerto m\\u00e1s grande e importante de Colombia.&lt;br \\\/&gt;M\\u00e1s de 3.000 buques hacen escala al a\\u00f1o.&lt;\\\/p&gt;&quot;,&quot;hotspot_offset_x&quot;:{&quot;unit&quot;:&quot;%&quot;,&quot;size&quot;:49,&quot;sizes&quot;:[]},&quot;hotspot_offset_x_mobile&quot;:{&quot;unit&quot;:&quot;px&quot;,&quot;size&quot;:50,&quot;sizes&quot;:[]},&quot;hotspot_offset_y&quot;:{&quot;unit&quot;:&quot;%&quot;,&quot;size&quot;:9,&quot;sizes&quot;:[]},&quot;hotspot_offset_y_mobile&quot;:{&quot;unit&quot;:&quot;px&quot;,&quot;size&quot;:8,&quot;sizes&quot;:[]},&quot;_id&quot;:&quot;8a8cd20&quot;,&quot;hotspot_link&quot;:{&quot;url&quot;:&quot;&quot;,&quot;is_external&quot;:&quot;&quot;,&quot;nofollow&quot;:&quot;&quot;,&quot;custom_attributes&quot;:&quot;&quot;},&quot;hotspot_custom_size&quot;:&quot;no&quot;,&quot;hotspot_horizontal&quot;:&quot;left&quot;,&quot;hotspot_vertical&quot;:&quot;top&quot;,&quot;hotspot_tooltip_position&quot;:&quot;no&quot;,&quot;hotspot_position&quot;:null,&quot;hotspot_position_tablet&quot;:null,&quot;hotspot_position_mobile&quot;:null,&quot;hotspot_icon_position&quot;:&quot;start&quot;,&quot;hotspot_icon_spacing&quot;:{&quot;unit&quot;:&quot;px&quot;,&quot;size&quot;:5,&quot;sizes&quot;:[]},&quot;hotspot_width&quot;:null,&quot;hotspot_height&quot;:null,&quot;hotspot_offset_x_tablet&quot;:{&quot;unit&quot;:&quot;px&quot;,&quot;size&quot;:&quot;&quot;,&quot;sizes&quot;:[]},&quot;hotspot_offset_y_tablet&quot;:{&quot;unit&quot;:&quot;px&quot;,&quot;size&quot;:&quot;&quot;,&quot;sizes&quot;:[]},&quot;hotspot_tooltip_width&quot;:null,&quot;hotspot_tooltip_width_tablet&quot;:null,&quot;hotspot_tooltip_width_mobile&quot;:null,&quot;hotspot_tooltip_text_wrap&quot;:null},{&quot;hotspot_label&quot;:&quot;Cove\\u00f1as&quot;,&quot;hotspot_icon&quot;:{&quot;value&quot;:{&quot;url&quot;:&quot;https:\\\/\\\/serviciosmaritimoscolombia.com\\\/wp-content\\\/uploads\\\/2025\\\/05\\\/tecnilan-seamares1.svg&quot;,&quot;id&quot;:2392},&quot;library&quot;:&quot;svg&quot;},&quot;hotspot_tooltip_content&quot;:&quot;&lt;p&gt;Es la principal terminal petrolera de Colombia.&lt;\\\/p&gt;&quot;,&quot;hotspot_offset_x&quot;:{&quot;unit&quot;:&quot;%&quot;,&quot;size&quot;:41,&quot;sizes&quot;:[]},&quot;hotspot_offset_x_mobile&quot;:{&quot;unit&quot;:&quot;px&quot;,&quot;size&quot;:44,&quot;sizes&quot;:[]},&quot;hotspot_offset_y&quot;:{&quot;unit&quot;:&quot;%&quot;,&quot;size&quot;:18,&quot;sizes&quot;:[]},&quot;hotspot_offset_y_mobile&quot;:{&quot;unit&quot;:&quot;px&quot;,&quot;size&quot;:18,&quot;sizes&quot;:[]},&quot;_id&quot;:&quot;0fea4c1&quot;,&quot;hotspot_link&quot;:{&quot;url&quot;:&quot;&quot;,&quot;is_external&quot;:&quot;&quot;,&quot;nofollow&quot;:&quot;&quot;,&quot;custom_attributes&quot;:&quot;&quot;},&quot;hotspot_custom_size&quot;:&quot;no&quot;,&quot;hotspot_horizontal&quot;:&quot;left&quot;,&quot;hotspot_vertical&quot;:&quot;top&quot;,&quot;hotspot_tooltip_position&quot;:&quot;no&quot;,&quot;hotspot_position&quot;:null,&quot;hotspot_position_tablet&quot;:null,&quot;hotspot_position_mobile&quot;:null,&quot;hotspot_icon_position&quot;:&quot;start&quot;,&quot;hotspot_icon_spacing&quot;:{&quot;unit&quot;:&quot;px&quot;,&quot;size&quot;:5,&quot;sizes&quot;:[]},&quot;hotspot_width&quot;:null,&quot;hotspot_height&quot;:null,&quot;hotspot_offset_x_tablet&quot;:{&quot;unit&quot;:&quot;px&quot;,&quot;size&quot;:&quot;&quot;,&quot;sizes&quot;:[]},&quot;hotspot_offset_y_tablet&quot;:{&quot;unit&quot;:&quot;px&quot;,&quot;size&quot;:&quot;&quot;,&quot;sizes&quot;:[]},&quot;hotspot_tooltip_width&quot;:null,&quot;hotspot_tooltip_width_tablet&quot;:null,&quot;hotspot_tooltip_width_mobile&quot;:null,&quot;hotspot_tooltip_text_wrap&quot;:null},{&quot;hotspot_label&quot;:&quot;Tumaco&quot;,&quot;hotspot_icon&quot;:{&quot;value&quot;:{&quot;url&quot;:&quot;https:\\\/\\\/serviciosmaritimoscolombia.com\\\/wp-content\\\/uploads\\\/2024\\\/12\\\/Recurso-4.svg&quot;,&quot;id&quot;:2215},&quot;library&quot;:&quot;svg&quot;},&quot;hotspot_tooltip_content&quot;:&quot;&lt;p&gt;Se alimenta del petr\\u00f3leo que llega por el &lt;br \\\/&gt;oleoducto transandino, &lt;br \\\/&gt;uno de los m\\u00e1s largos del mundo.&lt;\\\/p&gt;&quot;,&quot;hotspot_offset_x&quot;:{&quot;unit&quot;:&quot;%&quot;,&quot;size&quot;:20,&quot;sizes&quot;:[]},&quot;hotspot_offset_x_mobile&quot;:{&quot;unit&quot;:&quot;px&quot;,&quot;size&quot;:19,&quot;sizes&quot;:[]},&quot;hotspot_offset_y&quot;:{&quot;unit&quot;:&quot;%&quot;,&quot;size&quot;:58,&quot;sizes&quot;:[]},&quot;_id&quot;:&quot;164b7f6&quot;,&quot;hotspot_link&quot;:{&quot;url&quot;:&quot;&quot;,&quot;is_external&quot;:&quot;&quot;,&quot;nofollow&quot;:&quot;&quot;,&quot;custom_attributes&quot;:&quot;&quot;},&quot;hotspot_custom_size&quot;:&quot;no&quot;,&quot;hotspot_horizontal&quot;:&quot;left&quot;,&quot;hotspot_vertical&quot;:&quot;top&quot;,&quot;hotspot_tooltip_position&quot;:&quot;no&quot;,&quot;hotspot_position&quot;:null,&quot;hotspot_position_tablet&quot;:null,&quot;hotspot_position_mobile&quot;:null,&quot;hotspot_icon_position&quot;:&quot;start&quot;,&quot;hotspot_icon_spacing&quot;:{&quot;unit&quot;:&quot;px&quot;,&quot;size&quot;:5,&quot;sizes&quot;:[]},&quot;hotspot_width&quot;:null,&quot;hotspot_height&quot;:null,&quot;hotspot_offset_x_tablet&quot;:{&quot;unit&quot;:&quot;px&quot;,&quot;size&quot;:&quot;&quot;,&quot;sizes&quot;:[]},&quot;hotspot_offset_y_tablet&quot;:{&quot;unit&quot;:&quot;px&quot;,&quot;size&quot;:&quot;&quot;,&quot;sizes&quot;:[]},&quot;hotspot_offset_y_mobile&quot;:{&quot;unit&quot;:&quot;px&quot;,&quot;size&quot;:&quot;&quot;,&quot;sizes&quot;:[]},&quot;hotspot_tooltip_width&quot;:null,&quot;hotspot_tooltip_width_tablet&quot;:null,&quot;hotspot_tooltip_width_mobile&quot;:null,&quot;hotspot_tooltip_text_wrap&quot;:null}],&quot;tooltip_trigger&quot;:&quot;mouseenter&quot;,&quot;tooltip_trigger_mobile&quot;:&quot;click&quot;,&quot;hotspot_sequenced_animation&quot;:&quot;no&quot;,&quot;tooltip_position&quot;:&quot;top&quot;,&quot;tooltip_animation&quot;:&quot;e-hotspot--fade-in-out&quot;}\" data-widget_type=\"hotspot.default\">\n\t\t\t\t<div class=\"elementor-widget-container\">\n\t\t\t\t\t<img fetchpriority=\"high\" decoding=\"async\" width=\"412\" height=\"412\" src=\"https:\/\/www.tecnimar.com.co\/wp-content\/uploads\/2024\/12\/SEGUNDO-MAPA.svg\" class=\"attachment-full size-full wp-image-2179\" alt=\"\" \/>\n\t\t\t\t\t\t<div class=\"e-hotspot elementor-repeater-item-8a8cd20  e-hotspot--position-left e-hotspot--position-top\">\n\n\t\t\t\t\t\t\t\t<div class=\"e-hotspot__button e-hotspot--expand\">\n\t\t\t\t\t\t\t\t\t\t\t\t\t\t\t\t\t\t<div class=\"e-hotspot__icon\"><svg xmlns=\"http:\/\/www.w3.org\/2000\/svg\" id=\"Capa_1\" data-name=\"Capa 1\" viewbox=\"0 0 236 81\"><defs><style>.cls-1{fill:#1599d6;}.cls-2{fill:#272f61;}.cls-3{fill:#0f86c8;}.cls-4{fill:#a7d9f1;}.cls-5{fill:#ee810a;}<\/style><\/defs><path class=\"cls-1\" d=\"M158.11,44s1-1.68,4.08-1.68,9.9,4,12.21,10c0,0-4.61,4.73-4.07,3.52C171.15,54,165.79,42,158.11,44\"><\/path><path class=\"cls-2\" d=\"M117.61,42s.62,7.55,8.09,7.85c6.75.27,11-10,13.53-14,4-6.4,10.44-16.94,20.81-16.94S178,33.19,175.82,44.27c0,0-.49-4-1.73-5.56-1.66-2-7.29-7.75-7.29-7.75l-13.22,5.9,1.14,10.71a7.37,7.37,0,0,0,6.47,6.77c5.53,1,11.79-4.68,11.79-4.68l1.42,2.66s2.28-5.16,3-7,2.32-8.15,2.32-8.15-.28,13.61,7.3,13.61c7.74,0,7.67-13.47,7.67-13.47S196,51.21,210.54,52a14,14,0,0,0,11.72-5.69,22.71,22.71,0,0,1-1,4.85c-1.35,2.57-7.95,6.16-7.95,6.16l-14-2.71-14.2,5.9-12-1.49-15,2.92L147.45,51.37l-17.61,4.34-4.41-1.16A14.18,14.18,0,0,1,117.61,42\"><\/path><path class=\"cls-3\" d=\"M128.33,54.18c3.53,0,6-2.77,13.48-15.49,5.44-9.22,12.61-14.09,18.48-14.09,4.56,0,15.25,5.36,15.56,20.08,0,0-.07-5.43-4.56-7.41-9.1-4-16,6.48-16.64,10.57-.8,5.22,1.1,11.3,7.73,11.49C169.9,59.53,175,52,179,43.4c0,0-1.39,11.92,8.16,12.63,5.37.4,9.06-6.47,8.13-12.53,0,0,2.35,10,11.48,11.92,8.25,1.71,13.21-2.76,14.45-4.31a12.84,12.84,0,0,1-4.29,5.56c-2.57,1.95-12.88,2-12.88,2l-5.38-2.33-9.14,5.23-11.9-3.15-9.92,3.87-14.31.56-8.93-8.6s-15.26,3.33-17.94,1.91A17.71,17.71,0,0,1,117.82,44s2.67,10.18,10.51,10.18\"><\/path><path class=\"cls-4\" d=\"M206.1,57.31a17,17,0,0,1-8.69-3.72A13,13,0,0,1,185,59.53a12.5,12.5,0,0,1-8.49-5.06c-3.23,4.89-9.82,7.78-16.95,6.87S146.94,56.1,145,50.66a16.09,16.09,0,0,1-13.83,4.8c-6.92-.89-12.22-5.8-13.44-11.82a15.8,15.8,0,0,0,13.85,15.8,16,16,0,0,0,12-3.36c2.75,4.77,8.18,8.38,14.79,9.22S171.32,64,175.24,60a13.93,13.93,0,0,0,8.7,4.67,14.79,14.79,0,0,0,14.27-7.11,13.22,13.22,0,0,0,7.62,3.73c6.43.82,12.5-3.22,15.13-9.48a16.89,16.89,0,0,1-14.86,5.49\"><\/path><path class=\"cls-3\" d=\"M21,65.44S26.11,68.15,38,68.15s32.3-5.7,44.87-5.63,22.42,5.77,26.29,9.65c0,0-9.55-6.65-26.3-6.5-15.11.14-23.65,4.67-39.67,4.91C27.54,70.82,21,65.44,21,65.44\"><\/path><path class=\"cls-5\" d=\"M76.17,39.38a7.54,7.54,0,0,0,5-1.89,49.15,49.15,0,0,0,1.18-7,36.85,36.85,0,0,0-12.76-4.18A8.8,8.8,0,0,0,68.28,31a8.17,8.17,0,0,0,7.89,8.42\"><\/path><path class=\"cls-5\" d=\"M74.79,22.67a7.77,7.77,0,0,0-4.59,2.78,21.65,21.65,0,0,1,4.33,1.05Z\"><\/path><path class=\"cls-5\" d=\"M68,19.66c1.2.07,1.88.17,1.88.17v-1.6A13.7,13.7,0,0,0,68,19.66\"><\/path><path class=\"cls-5\" d=\"M65.18,25.07a33,33,0,0,1,4.4.29,8.78,8.78,0,0,1,5.21-2.75l0-.65a32.56,32.56,0,0,0-7.94-1.21,14.56,14.56,0,0,0-2.6,4.33h.89\"><\/path><path class=\"cls-5\" d=\"M76.33,44.84A12.32,12.32,0,0,0,79,44.55a56.1,56.1,0,0,0,1.74-5.43A8.65,8.65,0,0,1,76,40.51a8.92,8.92,0,0,1-8.84-9,9.1,9.1,0,0,1,1.66-5.24,36.27,36.27,0,0,0-4-.23l-.9,0a15.33,15.33,0,0,0-.68,4.53c0,7.87,5.85,14.25,13,14.25\"><\/path><path class=\"cls-5\" d=\"M76.09,46.76c-8.08,0-14.63-6.82-14.63-15.23a15.69,15.69,0,0,1,.95-5.38,27.83,27.83,0,0,0-4,.61,20.48,20.48,0,0,0-.32,3.62c0,10.76,8.21,19.49,18.33,19.49h.15c.58-1.09,1.1-2.18,1.57-3.26a14,14,0,0,1-2.06.15\"><\/path><path class=\"cls-5\" d=\"M62.81,25.15a15.14,15.14,0,0,1,3-4.43h-.57a31.83,31.83,0,0,0-4.91.37,19.59,19.59,0,0,0-1.68,4.64,29.85,29.85,0,0,1,4.18-.58\"><\/path><path class=\"cls-5\" d=\"M58.37,21.45a20.17,20.17,0,0,0-2.84.8l.3,4.25s.26-.1.73-.25a21.79,21.79,0,0,1,1.81-4.8\"><\/path><path class=\"cls-5\" d=\"M67,19.61a15,15,0,0,1,2.85-1.85V12.19A18.7,18.7,0,0,0,61,19.88a27.35,27.35,0,0,1,4.2-.3c.67,0,1.27,0,1.81,0\"><\/path><path class=\"cls-5\" d=\"M73.27,55c.63-.83,1.23-1.68,1.78-2.55-10.64-.56-19.11-9.75-19.11-21a22,22,0,0,1,.4-4.17,29.08,29.08,0,0,0-3,1.08q-.06.84-.06,1.71c0,12.71,8.7,23.23,20,24.94\"><\/path><path class=\"cls-5\" d=\"M50,31.75c0-.61,0-1.21,0-1.8a21.48,21.48,0,0,0-2,1.24c2.79,24.14,17.06,31.12,17.06,31.12a27.55,27.55,0,0,0,5.43-4.24A26.73,26.73,0,0,1,50,31.75\"><\/path><path class=\"cls-5\" d=\"M62.41,8.83H60.53v1.33c.6-.47,1.23-.91,1.88-1.33\"><\/path><path class=\"cls-5\" d=\"M60.53,11.81V18.1a20.15,20.15,0,0,1,9.31-6.64V8.83H64a23.66,23.66,0,0,0-3.51,3\"><\/path><\/svg><\/div>\n\t\t\t\t\t\t\t\t\t\t\t\t\t\t\t\t\t\t\t<div class=\"e-hotspot__label\">Cartagena<\/div>\n\t\t\t\t\t\t\t\t\t\t\t\t\t\t\t<\/div>\n\n\t\t\t\t\t\t\t\t\t\t\t\t\t\t\t\t\t\t<div class=\"e-hotspot__tooltip  e-hotspot--tooltip-position e-hotspot--fade-in-out\" >\n\t\t\t\t\t\t<p>It is the largest and most important port in Colombia.<br \/>More than 3,000 ships call each year.<\/p>\t\t\t\t\t<\/div>\n\t\t\t\t\t\t\t\t\t\n\t\t\t<\/div>\n\n\t\n\t\t\t\t\t\t<div class=\"e-hotspot elementor-repeater-item-0fea4c1  e-hotspot--position-left e-hotspot--position-top\">\n\n\t\t\t\t\t\t\t\t<div class=\"e-hotspot__button e-hotspot--expand\">\n\t\t\t\t\t\t\t\t\t\t\t\t\t\t\t\t\t\t<div class=\"e-hotspot__icon\"><svg xmlns=\"http:\/\/www.w3.org\/2000\/svg\" id=\"Capa_1\" data-name=\"Capa 1\" viewbox=\"0 0 236 81\"><defs><style>.cls-1{fill:#1599d6;}.cls-2{fill:#272f61;}.cls-3{fill:#0f86c8;}.cls-4{fill:#a7d9f1;}<\/style><\/defs><path class=\"cls-1\" d=\"M158.11,44s1-1.68,4.08-1.68,9.9,4,12.21,10c0,0-4.61,4.73-4.07,3.52C171.15,54,165.79,42,158.11,44\"><\/path><path class=\"cls-2\" d=\"M117.61,42s.62,7.55,8.09,7.85c6.75.27,11-10,13.53-14,4-6.4,10.44-16.94,20.81-16.94S178,33.19,175.82,44.27c0,0-.49-4-1.73-5.56-1.66-2-7.29-7.75-7.29-7.75l-13.22,5.9,1.14,10.71a7.37,7.37,0,0,0,6.47,6.77c5.53,1,11.79-4.68,11.79-4.68l1.42,2.66s2.28-5.16,3-7,2.32-8.15,2.32-8.15-.28,13.61,7.3,13.61c7.74,0,7.67-13.47,7.67-13.47S196,51.21,210.54,52a14,14,0,0,0,11.72-5.69,22.71,22.71,0,0,1-1,4.85c-1.35,2.57-7.95,6.16-7.95,6.16l-14-2.71-14.2,5.9-12-1.49-15,2.92L147.45,51.37l-17.61,4.34-4.41-1.16A14.18,14.18,0,0,1,117.61,42\"><\/path><path class=\"cls-3\" d=\"M128.33,54.18c3.53,0,6-2.77,13.48-15.49,5.44-9.22,12.61-14.09,18.48-14.09,4.56,0,15.25,5.36,15.56,20.08,0,0-.07-5.43-4.56-7.41-9.1-4-16,6.48-16.64,10.57-.8,5.22,1.1,11.3,7.73,11.49C169.9,59.53,175,52,179,43.4c0,0-1.39,11.92,8.16,12.63,5.37.4,9.06-6.47,8.13-12.53,0,0,2.35,10,11.48,11.92,8.25,1.71,13.21-2.76,14.45-4.31a12.84,12.84,0,0,1-4.29,5.56c-2.57,1.95-12.88,2-12.88,2l-5.38-2.33-9.14,5.23-11.9-3.15-9.92,3.87-14.31.56-8.93-8.6s-15.26,3.33-17.94,1.91A17.71,17.71,0,0,1,117.82,44s2.67,10.18,10.51,10.18\"><\/path><path class=\"cls-4\" d=\"M206.1,57.31a17,17,0,0,1-8.69-3.72A13,13,0,0,1,185,59.53a12.5,12.5,0,0,1-8.49-5.06c-3.23,4.89-9.82,7.78-16.95,6.87S146.94,56.1,145,50.66a16.09,16.09,0,0,1-13.83,4.8c-6.92-.89-12.22-5.8-13.44-11.82a15.8,15.8,0,0,0,13.85,15.8,16,16,0,0,0,12-3.36c2.75,4.77,8.18,8.38,14.79,9.22S171.32,64,175.24,60a13.93,13.93,0,0,0,8.7,4.67,14.79,14.79,0,0,0,14.27-7.11,13.22,13.22,0,0,0,7.62,3.73c6.43.82,12.5-3.22,15.13-9.48a16.89,16.89,0,0,1-14.86,5.49\"><\/path><path class=\"cls-4\" d=\"M27.92,30.45s1.92-1.26,4.11-2.53,4.57-2.45,5.5-2.86L34,19.38a16.34,16.34,0,0,0-2.4,1.56l2,5.77s-1.27.69-1.69.94-1.63,1-1.63,1L28.08,25s-.8.43-1.49.91Z\"><\/path><path class=\"cls-2\" d=\"M25.9,34S40.77,21.11,59.31,20.35c0,0,7.19-.44,7.19,4,0,4-5.5,8.23-5.5,8.23s2.92-3.18,2.92-5.72S60.84,23,55.75,23.29C50.49,23.61,40.93,25.47,25.9,34\"><\/path><path class=\"cls-2\" d=\"M17,51.15S30.93,39,67,31.52c13.27-2.75,33.79-3.25,34.49,4.82.43,5.11-8.6,11.79-16.12,15.69,0,0,12.14-6.89,10.73-12.86C94.61,33,77.83,32.12,60.24,35.62,32.07,41.24,17,51.15,17,51.15\"><\/path><path class=\"cls-3\" d=\"M13.74,58.2s5.22,2.72,17.4,2.72,33.2-5.71,46.13-5.64,23,5.78,27,9.66c0,0-9.82-6.66-27-6.5-15.54.14-24.31,4.68-40.78,4.92-16,.23-22.74-5.16-22.74-5.16\"><\/path><\/svg><\/div>\n\t\t\t\t\t\t\t\t\t\t\t\t\t\t\t\t\t\t\t<div class=\"e-hotspot__label\">Cove\u00f1as<\/div>\n\t\t\t\t\t\t\t\t\t\t\t\t\t\t\t<\/div>\n\n\t\t\t\t\t\t\t\t\t\t\t\t\t\t\t\t\t\t<div class=\"e-hotspot__tooltip  e-hotspot--tooltip-position e-hotspot--fade-in-out\" >\n\t\t\t\t\t\t<p>It is the main oil terminal in Colombia.<\/p>\t\t\t\t\t<\/div>\n\t\t\t\t\t\t\t\t\t\n\t\t\t<\/div>\n\n\t\n\t\t\t\t\t\t<div class=\"e-hotspot elementor-repeater-item-164b7f6  e-hotspot--position-left e-hotspot--position-top\">\n\n\t\t\t\t\t\t\t\t<div class=\"e-hotspot__button e-hotspot--expand\">\n\t\t\t\t\t\t\t\t\t\t\t\t\t\t\t\t\t\t<div class=\"e-hotspot__icon\"><svg xmlns=\"http:\/\/www.w3.org\/2000\/svg\" viewbox=\"0 0 113.01 81.25\"><g id=\"Capa_2\" data-name=\"Capa 2\"><g id=\"Capa_1-2\" data-name=\"Capa 1\"><path d=\"M0,72.62S6.52,76.1,21.71,76.1s41.43-7.32,57.56-7.23S108,76.28,113,81.25c0,0-12.25-8.53-33.74-8.33-19.4.18-30.35,6-50.9,6.3C8.36,79.52,0,72.62,0,72.62\"><\/path><path d=\"M70.74,39.18a9.65,9.65,0,0,0,6.38-2.42,63.19,63.19,0,0,0,1.51-8.91,46.88,46.88,0,0,0-16.37-5.36,11.35,11.35,0,0,0-1.64,5.89c0,6,4.53,10.8,10.12,10.8\"><\/path><path d=\"M69,17.75a10,10,0,0,0-5.88,3.56,27.9,27.9,0,0,1,5.55,1.36Z\"><\/path><path d=\"M60.21,13.89c1.55.09,2.41.22,2.41.22V12.05a17.07,17.07,0,0,0-2.41,1.84\"><\/path><path d=\"M56.65,20.83a42.09,42.09,0,0,1,5.64.37A11.25,11.25,0,0,1,69,17.67l.06-.82a41.72,41.72,0,0,0-10.19-1.56,18.33,18.33,0,0,0-3.33,5.56l1.14,0\"><\/path><path d=\"M71,46.2a16,16,0,0,0,3.4-.38,72,72,0,0,0,2.24-7,11.12,11.12,0,0,1-6,1.78A11.44,11.44,0,0,1,59.22,29.1a11.63,11.63,0,0,1,2.12-6.73,46.37,46.37,0,0,0-5.1-.29H55.08a19.56,19.56,0,0,0-.87,5.82C54.21,38,61.71,46.2,71,46.2\"><\/path><path d=\"M70.64,48.66c-10.36,0-18.76-8.75-18.76-19.54a20.24,20.24,0,0,1,1.21-6.91A36.89,36.89,0,0,0,48,23a26.17,26.17,0,0,0-.41,4.64c0,13.81,10.53,25,23.51,25h.2c.74-1.39,1.41-2.79,2-4.18a17.64,17.64,0,0,1-2.64.2\"><\/path><path d=\"M53.6,20.94a19.71,19.71,0,0,1,3.83-5.69H56.7a42.35,42.35,0,0,0-6.3.48,25.6,25.6,0,0,0-2.16,6,39.37,39.37,0,0,1,5.36-.73\"><\/path><path d=\"M47.9,16.18a27.07,27.07,0,0,0-3.63,1l.38,5.46s.33-.13.94-.32a27.69,27.69,0,0,1,2.31-6.17\"><\/path><path d=\"M59,13.83a18.77,18.77,0,0,1,3.65-2.38V4.3a24,24,0,0,0-11.36,9.87,35.42,35.42,0,0,1,5.39-.38c.85,0,1.63,0,2.32,0\"><\/path><path d=\"M67,59.27c.82-1.06,1.58-2.16,2.29-3.27-13.66-.72-24.52-12.52-24.52-27a28.54,28.54,0,0,1,.51-5.35c-1.42.43-2.71.9-3.87,1.38,0,.73-.07,1.46-.07,2.2,0,16.31,11.16,29.8,25.66,32\"><\/path><path d=\"M37.2,29.4c0-.78,0-1.55.08-2.31a23.89,23.89,0,0,0-2.52,1.6c3.58,31,21.89,39.91,21.89,39.91a35,35,0,0,0,7-5.43C48.52,59.83,37.2,46,37.2,29.4\"><\/path><path d=\"M53.09,0H50.67V1.7c.78-.6,1.59-1.17,2.42-1.7\"><\/path><path d=\"M50.67,3.82v8.07A25.87,25.87,0,0,1,62.62,3.37V0H55.19a30.38,30.38,0,0,0-4.52,3.82\"><\/path><\/g><\/g><\/svg><\/div>\n\t\t\t\t\t\t\t\t\t\t\t\t\t\t\t\t\t\t\t<div class=\"e-hotspot__label\">Tumaco<\/div>\n\t\t\t\t\t\t\t\t\t\t\t\t\t\t\t<\/div>\n\n\t\t\t\t\t\t\t\t\t\t\t\t\t\t\t\t\t\t<div class=\"e-hotspot__tooltip  e-hotspot--tooltip-position e-hotspot--fade-in-out\" >\n\t\t\t\t\t\t<p>It is fed by the oil that arrives through the <br \/>trans-Andean pipeline, <br \/>one of the longest in the world.<\/p>\t\t\t\t\t<\/div>\n\t\t\t\t\t\t\t\t\t\n\t\t\t<\/div>\n\n\t\n\t\t\t\t\t\t<\/div>\n\t\t\t\t<\/div>\n\t\t\t\t\t<\/div>\n\t\t<\/div>\n\t\t\t\t\t<\/div>\n\t\t<\/section>\n\t\t\t\t<\/div>","protected":false},"excerpt":{"rendered":"<p>Inicio Donde estamos Ubicaciones Nuestras Ubicaciones en Colombia En Tecnimar, estamos comprometidos a estar cerca de ti, ofreciendo soluciones integrales y servicios especializados en la industria mar\u00edtima. Con nuestra presencia estrat\u00e9gica en Colombia, brindamos soporte local con est\u00e1ndares internacionales. Cartagena Es el puerto m\u00e1s grande e importante de Colombia.M\u00e1s de 3.000 buques hacen escala al [&hellip;]<\/p>","protected":false},"author":1,"featured_media":0,"parent":0,"menu_order":0,"comment_status":"closed","ping_status":"closed","template":"","meta":{"footnotes":""},"class_list":["post-1367","page","type-page","status-publish","hentry"],"_links":{"self":[{"href":"https:\/\/www.tecnimar.com.co\/en\/wp-json\/wp\/v2\/pages\/1367","targetHints":{"allow":["GET"]}}],"collection":[{"href":"https:\/\/www.tecnimar.com.co\/en\/wp-json\/wp\/v2\/pages"}],"about":[{"href":"https:\/\/www.tecnimar.com.co\/en\/wp-json\/wp\/v2\/types\/page"}],"author":[{"embeddable":true,"href":"https:\/\/www.tecnimar.com.co\/en\/wp-json\/wp\/v2\/users\/1"}],"replies":[{"embeddable":true,"href":"https:\/\/www.tecnimar.com.co\/en\/wp-json\/wp\/v2\/comments?post=1367"}],"version-history":[{"count":83,"href":"https:\/\/www.tecnimar.com.co\/en\/wp-json\/wp\/v2\/pages\/1367\/revisions"}],"predecessor-version":[{"id":2424,"href":"https:\/\/www.tecnimar.com.co\/en\/wp-json\/wp\/v2\/pages\/1367\/revisions\/2424"}],"wp:attachment":[{"href":"https:\/\/www.tecnimar.com.co\/en\/wp-json\/wp\/v2\/media?parent=1367"}],"curies":[{"name":"wp","href":"https:\/\/api.w.org\/{rel}","templated":true}]}}